{"id":1323,"date":"2024-12-09T17:26:31","date_gmt":"2024-12-09T17:26:31","guid":{"rendered":"https:\/\/campingideal.eu\/?page_id=1323"},"modified":"2024-12-09T17:47:09","modified_gmt":"2024-12-09T17:47:09","slug":"cookie-policy","status":"publish","type":"page","link":"https:\/\/campingideal.eu\/de\/cookie-policy\/","title":{"rendered":"Cookie Policy"},"content":{"rendered":"\t\t<div data-elementor-type=\"wp-page\" data-elementor-id=\"1323\" class=\"elementor elementor-1323 elementor-1322\" data-elementor-post-type=\"page\">\n\t\t\t\t<div class=\"elementor-element elementor-element-904cc90 e-flex e-con-boxed e-con e-parent\" data-id=\"904cc90\" data-element_type=\"container\" data-e-type=\"container\">\n\t\t\t\t\t<div class=\"e-con-inner\">\n\t\t\t\t<div class=\"elementor-element elementor-element-b57f4ba elementor-widget elementor-widget-text-editor\" data-id=\"b57f4ba\" data-element_type=\"widget\" data-e-type=\"widget\" data-widget_type=\"text-editor.default\">\n\t\t\t\t<div class=\"elementor-widget-container\">\n\t\t\t\t\t\t\t\t\t<h2>1. Was sind Cookies?<\/h2>\n<p>Diese Cookie-Richtlinie bezieht sich auf die Website **campingideal.eu**, die von der Firma Camping Ideal S.A.S. \u2013 Via Poncia, 17 \u2013 Gravedona ed Uniti \u2013 22015 \u2013 Como (CO) betrieben wird.<\/p>\n<p>Cookies sind Textdateien, die vom besuchten Website-Server an den Benutzer gesendet werden. Sie werden auf der Festplatte des Computers gespeichert, sodass die Website Benutzer erkennen und bestimmte Informationen \u00fcber sie speichern kann, um den angebotenen Service zu erm\u00f6glichen oder zu verbessern.<\/p>\n<p>Es gibt verschiedene Arten von Cookies. Einige sind erforderlich, um auf der Website zu navigieren, w\u00e4hrend andere verschiedene Zwecke erf\u00fcllen, wie z. B. die Gew\u00e4hrleistung der internen Sicherheit, die Verwaltung des Systems, die Durchf\u00fchrung statistischer Analysen, das Verstehen der f\u00fcr Benutzer interessantesten Website-Bereiche oder das Anbieten eines personalisierten Website-Besuchs.<br>Die Website verwendet technische Cookies, jedoch keine Profiling-Cookies. Dies gilt sowohl f\u00fcr den Computer des Benutzers als auch f\u00fcr alle anderen Ger\u00e4te, die der Benutzer zur Verbindung mit der Website verwendet.<\/p>\n<p>Unsere Cookies erm\u00f6glichen es im Einzelnen:<\/p>\n<ul>\n<li>Benutzereinstellungen zu speichern;<\/li>\n<li>das wiederholte Eingeben derselben Informationen w\u00e4hrend eines Besuchs, wie z. B. Benutzername und Passwort, zu vermeiden;<\/li>\n<li>die Nutzung von Diensten und Inhalten der Website zu analysieren, um die Navigationserfahrung und die angebotenen Dienste zu optimieren;<\/li>\n<li>Sicherheit bei der Eingabe von Datenformularen mithilfe von Anti-Bot-Skripten zu gew\u00e4hrleisten.<\/li>\n<\/ul>\n<p>Wir behalten uns das Recht vor, diese Richtlinie jederzeit zu \u00e4ndern.<br>\u00c4nderungen dieser Richtlinie treten mit dem Datum der Ver\u00f6ffentlichung auf der Website in Kraft.<\/p>\n<h3>1.1 Wie gebe ich meine Zustimmung zur Verwendung von Cookies?<\/h3>\n<p>Beim ersten Zugriff auf eine beliebige Seite der Website erscheint ein Banner mit einer kurzen Mitteilung und einem Verwaltungspanel f\u00fcr Cookie-Einstellungen oder einer Schaltfl\u00e4che, mit der alle Cookies akzeptiert werden k\u00f6nnen. Der Benutzer hat die M\u00f6glichkeit, einzelne Cookie-Kategorien auszuw\u00e4hlen bzw. abzuw\u00e4hlen. Die Zustimmung zur Verwendung von Cookies wird mit einem speziellen \u201etechnischen Cookie\u201c gespeichert.<\/p>\n<p>Gem\u00e4\u00df den geltenden Vorschriften ist nicht immer eine spezifische Zustimmung f\u00fcr die Verwendung von Cookies erforderlich. Insbesondere ben\u00f6tigen sogenannte \u201etechnische Cookies\u201c, die ausschlie\u00dflich dazu verwendet werden, die \u00dcbertragung einer Kommunikation \u00fcber ein elektronisches Kommunikationsnetz durchzuf\u00fchren oder in dem Ma\u00dfe, wie es f\u00fcr die Bereitstellung eines ausdr\u00fccklich vom Benutzer angeforderten Dienstes erforderlich ist, normalerweise keine Zustimmung.<br>Dazu geh\u00f6ren Navigations- oder Sitzungscookies (die Benutzern den Zugriff erm\u00f6glichen) und Funktionscookies (die die Auswahl eines Benutzers auf der Website, wie z. B. Sprache oder ausgew\u00e4hlte Produkte zum Kauf, speichern).<\/p>\n<p>F\u00fcr Cookies von Drittanbietern, d. h. Cookies von anderen Websites oder Webservern als der Website, die von Dritten stammen, k\u00f6nnen diese nur dann auf dem Ger\u00e4t des Benutzers installiert werden, wenn dieser ausdr\u00fccklich zugestimmt hat.<\/p>\n<p>Dritte sind in der Regel eigenst\u00e4ndige Verantwortliche f\u00fcr die Datenverarbeitung im Verh\u00e4ltnis zu Camping Ideal S.A.S. und verwalten und sammeln ihre Cookies unabh\u00e4ngig (und verwenden die gesammelten Daten f\u00fcr ihre eigenen Zwecke und gem\u00e4\u00df den von ihnen festgelegten Bedingungen).<\/p>\n<p>*Die Website von Camping Ideal S.A.S. verwendet keine Profiling-Cookies von Erstanbietern oder Drittanbietern.*<\/p>\n<h3>1.2 Wie \u00e4ndere ich die Cookie-Einstellungen?<\/h3>\n<p>Die meisten Browser akzeptieren Cookies automatisch, aber Benutzer k\u00f6nnen die Einstellungen normalerweise \u00e4ndern, um diese Funktion zu deaktivieren. Es ist m\u00f6glich, alle Arten von Cookies zu blockieren oder nur einige zu akzeptieren und andere zu deaktivieren. Die Optionen- oder Einstellungssektion im Browsermen\u00fc erm\u00f6glicht es Benutzern, Cookies und andere Technologien zur Benutzerverfolgung zu deaktivieren oder Benachrichtigungen zu erhalten, wenn diese Technologien aktiviert werden. Alternativ kann auch die Hilfe-Sektion in der Symbolleiste der meisten Browser konsultiert werden.<\/p>\n<p>Es ist auch m\u00f6glich, den verwendeten Browser aus der folgenden Liste auszuw\u00e4hlen und den Anweisungen zu folgen:<\/p>\n<p>Internet Explorer:&nbsp;<a href=\"http:\/\/windows.microsoft.com\/it-it\/internet-explorer\/delete-manage-cookies\" target=\"_blank\" rel=\"noopener noreferrer\" style=\"background-color: rgb(255, 255, 255);\">http:\/\/windows.microsoft.com\/it-it\/internet-explorer\/delete-manage-cookies<\/a><br>Google Chrome:&nbsp;<a href=\"https:\/\/support.google.com\/chrome\/answer\/95647\" target=\"_blank\" rel=\"noopener noreferrer\" style=\"background-color: rgb(255, 255, 255);\">https:\/\/support.google.com\/chrome\/answer\/95647<\/a><br>Apple Safari:&nbsp;<a href=\"https:\/\/support.apple.com\/it-it\/HT201265\" target=\"_blank\" rel=\"noopener noreferrer\" style=\"background-color: rgb(255, 255, 255);\">https:\/\/support.apple.com\/it-it\/HT201265<\/a><br>Mozilla Firefox:&nbsp;<a href=\"https:\/\/support.mozilla.org\/it\/kb\/Gestione%20dei%20cookie\" target=\"_blank\" rel=\"noopener noreferrer\" style=\"background-color: rgb(255, 255, 255);\">https:\/\/support.mozilla.org\/it\/kb\/Gestione%20dei%20cookie<\/a><br>Opera:&nbsp;<a href=\"http:\/\/help.opera.com\/Windows\/10.00\/it\/cookies.html\" target=\"_blank\" rel=\"noopener noreferrer\" style=\"background-color: rgb(255, 255, 255);\">http:\/\/help.opera.com\/Windows\/10.00\/it\/cookies.html<\/a><\/p>\n<p>Von mobilen Ger\u00e4ten:<br><\/p>\n<p>Android:&nbsp;<a href=\"https:\/\/support.google.com\/chrome\/answer\/95647\" target=\"_blank\" rel=\"noopener noreferrer\" style=\"background-color: rgb(255, 255, 255);\">https:\/\/support.google.com\/chrome\/answer\/95647<\/a><br>Safari:&nbsp;<a href=\"https:\/\/support.apple.com\/it-it\/HT201265\" target=\"_blank\" rel=\"noopener noreferrer\" style=\"background-color: rgb(255, 255, 255);\">https:\/\/support.apple.com\/it-it\/HT201265<\/a><br><\/p>\n<p><span style=\"text-align: var(--text-align);\">Windows Phone:&nbsp;<\/span><a href=\"http:\/\/windows.microsoft.com\/it-it\/internet-explorer\/delete-manage-cookies\" target=\"_blank\" rel=\"noopener noreferrer\" style=\"background-color: rgb(255, 255, 255); text-align: var(--text-align);\">http:\/\/windows.microsoft.com\/it-it\/internet-explorer\/delete-manage-cookies<\/a><\/p>\n<p>Weitere Informationen zu Cookies und zur Verwaltung von Einstellungen (sowohl f\u00fcr Erst- als auch Drittanbieter-Cookies) finden Benutzer auch auf der Plattform&nbsp;<a href=\"https:\/\/www.youronlinechoices.com\/\" style=\"background-color: rgb(255, 255, 255);\">www.youronlinechoices.com<\/a>. . Es sei jedoch darauf hingewiesen, dass das Deaktivieren von Navigations- oder Funktionscookies zu Fehlfunktionen der Website f\u00fchren und\/oder den angebotenen Dienst einschr\u00e4nken kann.<\/p>\n<h2>2. Technische Cookies<\/h2>\n<p>Technische Cookies werden ausschlie\u00dflich dazu verwendet, die Kommunikation \u00fcber ein elektronisches Kommunikationsnetz zu erm\u00f6glichen oder in dem Ma\u00dfe, wie es f\u00fcr die Bereitstellung eines vom Benutzer ausdr\u00fccklich angeforderten Dienstes erforderlich ist. Sie werden nicht f\u00fcr andere Zwecke verwendet und normalerweise direkt vom Betreiber der Website installiert.<\/p>\n<p>Die auf dieser Website verwendeten technischen Cookies umfassen:<\/p>\n<ul>\n<li>Sitzungscookies: Diese werden verwendet, um die Anmeldung und den Zugriff auf die gesch\u00fctzten Funktionen der Website zu verwalten. Ihre Deaktivierung beeintr\u00e4chtigt den Zugriff auf Dienste, die eine Anmeldung erfordern.<\/li>\n<\/ul>\n<h2>3. Profiling-Cookies von Erstanbietern<\/h2>\n<p>Die Website verwendet keine Profiling-Cookies von Erstanbietern.<\/p>\n<h2>4. Profiling-Cookies von Drittanbietern<\/h2>\n<p>Die Website verwendet keine Profiling-Cookies von Drittanbietern.<\/p>\t\t\t\t\t\t\t\t<\/div>\n\t\t\t\t<\/div>\n\t\t\t\t\t<\/div>\n\t\t\t\t<\/div>\n\t\t\t\t<\/div>\n\t\t","protected":false},"excerpt":{"rendered":"<p>1. Was sind Cookies? Diese Cookie-Richtlinie bezieht sich auf die Website **campingideal.eu**, die von der Firma Camping Ideal S.A.S. \u2013 Via Poncia, 17 \u2013 Gravedona ed Uniti \u2013 22015 \u2013 Como (CO) betrieben wird. Cookies sind Textdateien, die vom besuchten Website-Server an den Benutzer gesendet werden. Sie werden auf der Festplatte des Computers gespeichert, sodass [&hellip;]<\/p>\n","protected":false},"author":1,"featured_media":0,"parent":0,"menu_order":0,"comment_status":"closed","ping_status":"open","template":"","meta":{"footnotes":""},"class_list":["post-1323","page","type-page","status-publish","hentry"],"yoast_head":"<!-- This site is optimized with the Yoast SEO plugin v27.3 - https:\/\/yoast.com\/product\/yoast-seo-wordpress\/ -->\n<title>Cookie Policy - Camping Ideal<\/title>\n<meta name=\"robots\" content=\"noindex, nofollow\" \/>\n<meta property=\"og:locale\" content=\"de_DE\" \/>\n<meta property=\"og:type\" content=\"article\" \/>\n<meta property=\"og:title\" content=\"Cookie Policy - Camping Ideal\" \/>\n<meta property=\"og:description\" content=\"1. Was sind Cookies? Diese Cookie-Richtlinie bezieht sich auf die Website **campingideal.eu**, die von der Firma Camping Ideal S.A.S. \u2013 Via Poncia, 17 \u2013 Gravedona ed Uniti \u2013 22015 \u2013 Como (CO) betrieben wird. Cookies sind Textdateien, die vom besuchten Website-Server an den Benutzer gesendet werden. Sie werden auf der Festplatte des Computers gespeichert, sodass [&hellip;]\" \/>\n<meta property=\"og:url\" content=\"https:\/\/campingideal.eu\/de\/cookie-policy\/\" \/>\n<meta property=\"og:site_name\" content=\"Camping Ideal\" \/>\n<meta property=\"article:modified_time\" content=\"2024-12-09T17:47:09+00:00\" \/>\n<meta name=\"twitter:card\" content=\"summary_large_image\" \/>\n<meta name=\"twitter:label1\" content=\"Gesch\u00e4tzte Lesezeit\" \/>\n\t<meta name=\"twitter:data1\" content=\"5\u00a0Minuten\" \/>\n<script type=\"application\/ld+json\" class=\"yoast-schema-graph\">{\"@context\":\"https:\\\/\\\/schema.org\",\"@graph\":[{\"@type\":\"WebPage\",\"@id\":\"https:\\\/\\\/campingideal.eu\\\/de\\\/cookie-policy\\\/\",\"url\":\"https:\\\/\\\/campingideal.eu\\\/de\\\/cookie-policy\\\/\",\"name\":\"Cookie Policy - Camping Ideal\",\"isPartOf\":{\"@id\":\"https:\\\/\\\/campingideal.eu\\\/de\\\/#website\"},\"datePublished\":\"2024-12-09T17:26:31+00:00\",\"dateModified\":\"2024-12-09T17:47:09+00:00\",\"breadcrumb\":{\"@id\":\"https:\\\/\\\/campingideal.eu\\\/de\\\/cookie-policy\\\/#breadcrumb\"},\"inLanguage\":\"de\",\"potentialAction\":[{\"@type\":\"ReadAction\",\"target\":[\"https:\\\/\\\/campingideal.eu\\\/de\\\/cookie-policy\\\/\"]}]},{\"@type\":\"BreadcrumbList\",\"@id\":\"https:\\\/\\\/campingideal.eu\\\/de\\\/cookie-policy\\\/#breadcrumb\",\"itemListElement\":[{\"@type\":\"ListItem\",\"position\":1,\"name\":\"Home\",\"item\":\"https:\\\/\\\/campingideal.eu\\\/de\\\/\"},{\"@type\":\"ListItem\",\"position\":2,\"name\":\"Cookie Policy\"}]},{\"@type\":\"WebSite\",\"@id\":\"https:\\\/\\\/campingideal.eu\\\/de\\\/#website\",\"url\":\"https:\\\/\\\/campingideal.eu\\\/de\\\/\",\"name\":\"Camping Ideal\",\"description\":\"Il tuo camping ideale a Gravedona, sul Lago di Como\",\"publisher\":{\"@id\":\"https:\\\/\\\/campingideal.eu\\\/de\\\/#organization\"},\"inLanguage\":\"de\"},{\"@type\":\"Organization\",\"@id\":\"https:\\\/\\\/campingideal.eu\\\/de\\\/#organization\",\"name\":\"Camping Ideal\",\"url\":\"https:\\\/\\\/campingideal.eu\\\/de\\\/\",\"logo\":{\"@type\":\"ImageObject\",\"inLanguage\":\"de\",\"@id\":\"https:\\\/\\\/campingideal.eu\\\/de\\\/#\\\/schema\\\/logo\\\/image\\\/\",\"url\":\"https:\\\/\\\/campingideal.eu\\\/wp-content\\\/uploads\\\/2024\\\/06\\\/Camping-ideal-logo.png\",\"contentUrl\":\"https:\\\/\\\/campingideal.eu\\\/wp-content\\\/uploads\\\/2024\\\/06\\\/Camping-ideal-logo.png\",\"width\":1772,\"height\":1772,\"caption\":\"Camping Ideal\"},\"image\":{\"@id\":\"https:\\\/\\\/campingideal.eu\\\/de\\\/#\\\/schema\\\/logo\\\/image\\\/\"}}]}<\/script>\n<!-- \/ Yoast SEO plugin. -->","yoast_head_json":{"title":"Cookie Policy - Camping Ideal","robots":{"index":"noindex","follow":"nofollow"},"og_locale":"de_DE","og_type":"article","og_title":"Cookie Policy - Camping Ideal","og_description":"1. Was sind Cookies? Diese Cookie-Richtlinie bezieht sich auf die Website **campingideal.eu**, die von der Firma Camping Ideal S.A.S. \u2013 Via Poncia, 17 \u2013 Gravedona ed Uniti \u2013 22015 \u2013 Como (CO) betrieben wird. Cookies sind Textdateien, die vom besuchten Website-Server an den Benutzer gesendet werden. Sie werden auf der Festplatte des Computers gespeichert, sodass [&hellip;]","og_url":"https:\/\/campingideal.eu\/de\/cookie-policy\/","og_site_name":"Camping Ideal","article_modified_time":"2024-12-09T17:47:09+00:00","twitter_card":"summary_large_image","twitter_misc":{"Gesch\u00e4tzte Lesezeit":"5\u00a0Minuten"},"schema":{"@context":"https:\/\/schema.org","@graph":[{"@type":"WebPage","@id":"https:\/\/campingideal.eu\/de\/cookie-policy\/","url":"https:\/\/campingideal.eu\/de\/cookie-policy\/","name":"Cookie Policy - Camping Ideal","isPartOf":{"@id":"https:\/\/campingideal.eu\/de\/#website"},"datePublished":"2024-12-09T17:26:31+00:00","dateModified":"2024-12-09T17:47:09+00:00","breadcrumb":{"@id":"https:\/\/campingideal.eu\/de\/cookie-policy\/#breadcrumb"},"inLanguage":"de","potentialAction":[{"@type":"ReadAction","target":["https:\/\/campingideal.eu\/de\/cookie-policy\/"]}]},{"@type":"BreadcrumbList","@id":"https:\/\/campingideal.eu\/de\/cookie-policy\/#breadcrumb","itemListElement":[{"@type":"ListItem","position":1,"name":"Home","item":"https:\/\/campingideal.eu\/de\/"},{"@type":"ListItem","position":2,"name":"Cookie Policy"}]},{"@type":"WebSite","@id":"https:\/\/campingideal.eu\/de\/#website","url":"https:\/\/campingideal.eu\/de\/","name":"Camping Ideal","description":"Il tuo camping ideale a Gravedona, sul Lago di Como","publisher":{"@id":"https:\/\/campingideal.eu\/de\/#organization"},"inLanguage":"de"},{"@type":"Organization","@id":"https:\/\/campingideal.eu\/de\/#organization","name":"Camping Ideal","url":"https:\/\/campingideal.eu\/de\/","logo":{"@type":"ImageObject","inLanguage":"de","@id":"https:\/\/campingideal.eu\/de\/#\/schema\/logo\/image\/","url":"https:\/\/campingideal.eu\/wp-content\/uploads\/2024\/06\/Camping-ideal-logo.png","contentUrl":"https:\/\/campingideal.eu\/wp-content\/uploads\/2024\/06\/Camping-ideal-logo.png","width":1772,"height":1772,"caption":"Camping Ideal"},"image":{"@id":"https:\/\/campingideal.eu\/de\/#\/schema\/logo\/image\/"}}]}},"_links":{"self":[{"href":"https:\/\/campingideal.eu\/de\/wp-json\/wp\/v2\/pages\/1323","targetHints":{"allow":["GET"]}}],"collection":[{"href":"https:\/\/campingideal.eu\/de\/wp-json\/wp\/v2\/pages"}],"about":[{"href":"https:\/\/campingideal.eu\/de\/wp-json\/wp\/v2\/types\/page"}],"author":[{"embeddable":true,"href":"https:\/\/campingideal.eu\/de\/wp-json\/wp\/v2\/users\/1"}],"replies":[{"embeddable":true,"href":"https:\/\/campingideal.eu\/de\/wp-json\/wp\/v2\/comments?post=1323"}],"version-history":[{"count":5,"href":"https:\/\/campingideal.eu\/de\/wp-json\/wp\/v2\/pages\/1323\/revisions"}],"predecessor-version":[{"id":1343,"href":"https:\/\/campingideal.eu\/de\/wp-json\/wp\/v2\/pages\/1323\/revisions\/1343"}],"wp:attachment":[{"href":"https:\/\/campingideal.eu\/de\/wp-json\/wp\/v2\/media?parent=1323"}],"curies":[{"name":"wp","href":"https:\/\/api.w.org\/{rel}","templated":true}]}}