{"id":1311,"date":"2024-04-22T10:09:03","date_gmt":"2024-04-22T10:09:03","guid":{"rendered":"https:\/\/campingideal.eu\/privacy-policy\/"},"modified":"2024-12-09T17:25:04","modified_gmt":"2024-12-09T17:25:04","slug":"privacy-policy","status":"publish","type":"page","link":"https:\/\/campingideal.eu\/de\/privacy-policy\/","title":{"rendered":"Privacy Policy"},"content":{"rendered":"\t\t<div data-elementor-type=\"wp-page\" data-elementor-id=\"1311\" class=\"elementor elementor-1311 elementor-3\" data-elementor-post-type=\"page\">\n\t\t\t\t<div class=\"elementor-element elementor-element-904cc90 e-flex e-con-boxed e-con e-parent\" data-id=\"904cc90\" data-element_type=\"container\" data-e-type=\"container\">\n\t\t\t\t\t<div class=\"e-con-inner\">\n\t\t\t\t<div class=\"elementor-element elementor-element-b57f4ba elementor-widget elementor-widget-text-editor\" data-id=\"b57f4ba\" data-element_type=\"widget\" data-e-type=\"widget\" data-widget_type=\"text-editor.default\">\n\t\t\t\t<div class=\"elementor-widget-container\">\n\t\t\t\t\t\t\t\t\t<h2>Hinweise zum Schutz personenbezogener Daten<\/h2>\n\nGem\u00e4\u00df und im Sinne der EU-Verordnung 2016\/679 stellen wir einige Informationen zur Verarbeitung Ihrer personenbezogenen Daten bereit, nicht nur um den gesetzlichen Verpflichtungen nachzukommen, sondern auch, weil Transparenz und Fairness ein wesentlicher Bestandteil unserer T\u00e4tigkeit gem\u00e4\u00df der DSGVO 679\/2016 sind.\n\n<h2>Die Nutzer werden informiert:<\/h2>\ndass die Daten gem\u00e4\u00df den gesetzlichen Bestimmungen der oben genannten Verordnung und den darin vorgesehenen Vertraulichkeitsverpflichtungen unter Beachtung der Grunds\u00e4tze von Fairness, Rechtm\u00e4\u00dfigkeit, Transparenz und Schutz Ihrer Privatsph\u00e4re verarbeitet werden.\n\n<h2>Rechtsgrundlage<\/h2>\nDie Verarbeitung der Kundendaten basiert auf der vom Betroffenen direkt erteilten Einwilligung, sei es durch Registrierung auf der Website, manuelle Registrierung oder Anmeldung zum Newsletter. Die Verarbeitung ist erforderlich, um den Abschluss eines Dienstleistungsvertrags zu erm\u00f6glichen oder f\u00fcr Besucher und Nutzer, die diese Website nutzen oder konsultieren und ausdr\u00fccklich diese Datenschutzerkl\u00e4rung akzeptieren und der Verarbeitung ihrer personenbezogenen Daten in Bezug auf die nachstehend beschriebenen Methoden und Zwecke zustimmen, einschlie\u00dflich einer m\u00f6glichen Weitergabe an Dritte, falls dies f\u00fcr die Erbringung einer Dienstleistung notwendig ist. Art. 6 Abs. 1:  \n<ul>\n  <li>Buchst. a) Die betroffene Person hat ihre Einwilligung zur Verarbeitung ihrer personenbezogenen Daten f\u00fcr einen oder mehrere spezifische Zwecke erteilt;<\/li>\n  <li>Buchst. b) Die Verarbeitung ist f\u00fcr die Erf\u00fcllung eines Vertrags, dessen Vertragspartei die betroffene Person ist, oder zur Durchf\u00fchrung vorvertraglicher Ma\u00dfnahmen erforderlich, die auf Anfrage der betroffenen Person erfolgen;<\/li>\n  <li>Buchst. f) Die Verarbeitung ist zur Wahrung der berechtigten Interessen des Verantwortlichen oder eines Dritten erforderlich.<\/li>\n<\/ul>\n\nDer <strong>Verantwortliche f\u00fcr die Datenverarbeitung<\/strong> Ihrer personenbezogenen Daten ist Patrizia Spinelli von Camping Ideal S.A.S. \u2013  \n<span style=\"text-align: var(--text-align);\">Via Poncia, 17 \u2013 Gravedona ed Uniti<\/span><span style=\"text-align: var(--text-align);\">\u00a0\u2013 22015 \u2013 Como (CO), verantwortlich f\u00fcr die rechtm\u00e4\u00dfige und korrekte Verwendung Ihrer personenbezogenen Daten, die Sie f\u00fcr Informationen oder Anfragen kontaktieren k\u00f6nnen unter:<\/span>  \n<ul>\n  <li>Email: <a href=\"mailto:info@campingideal.eu\">info@campingideal.eu<\/a><\/li>\n<\/ul>\n\n<h2>Zweck der Verarbeitung:<\/h2>\n<ul>\n  <li>Bearbeitung von Anfragen zu Vorverkaufsaktivit\u00e4ten und kommerziellen Informationen, die vom Betroffenen gestellt werden;<\/li>\n  <li>Verwaltung, Abschluss und Durchf\u00fchrung des vereinbarten Vertragsverh\u00e4ltnisses, einschlie\u00dflich aller steuerlichen und buchhalterischen Verpflichtungen;<\/li>\n  <li>Bearbeitung und Erf\u00fcllung von Kontaktanfragen des Betroffenen, Anfragen zur Bereitstellung von Dienstleistungen und Unterst\u00fctzung, auch durch Kommunikation mit Dritten;<\/li>\n  <li>Verarbeitung von Daten, die implizit bei der Nutzung von Internetkommunikationsprotokollen \u00fcbermittelt werden, wie z. B. IP-Adressen oder Domainnamen der Computer, die von Benutzern verwendet werden, die auf die Website zugreifen, einschlie\u00dflich der Zeitstempel der Anfragen, der Methode zur \u00dcbermittlung der Anfragen an den Server und der Gr\u00f6\u00dfe der erhaltenen Dateien. Diese Daten werden ausschlie\u00dflich in aggregierter Form gesammelt, um die Funktionalit\u00e4t der Website zu \u00fcberpr\u00fcfen und aus Sicherheitsgr\u00fcnden verwendet, um anonyme statistische Informationen \u00fcber die Nutzung der Website oder f\u00fcr technische Zwecke zur Sicherstellung der korrekten Funktionalit\u00e4t zu erhalten;<\/li>\n  <li>Daten k\u00f6nnen auch zur Feststellung von Verantwortlichkeiten im Falle hypothetischer Cyberangriffe auf die IT-Infrastruktur (berechtigte Interessen des Verantwortlichen) verwendet werden;<\/li>\n  <li>Camping Ideal f\u00fchrt Profiling gem\u00e4\u00df den gesetzlichen Grenzen durch, versendet Werbeinformationen zu unseren Dienstleistungen, Marketinginformationen, Remarketing-Aktivit\u00e4ten, Werbung und andere Informationen, die basierend auf den bei der Bereitstellung personenbezogener Daten ge\u00e4u\u00dferten Pr\u00e4ferenzen von Interesse sein k\u00f6nnen.<\/li>\n<\/ul>\n\n<h2>Geografischer Geltungsbereich<\/h2>\nDer Verantwortliche informiert, dass die Verarbeitung der bereitgestellten Daten \u00fcberwiegend direkt oder durch Beauftragung an eine andere Person erfolgt. Diese Person, die ausschlie\u00dflich als Datenverarbeiter t\u00e4tig ist, kann sekund\u00e4r auch au\u00dferhalb Europas t\u00e4tig sein.\n\n<h2>Die betroffene Person<\/h2>\nGem\u00e4\u00df Artikel 15 der EU-Verordnung 679\/2016 hat die betroffene Person das Recht, die Best\u00e4tigung \u00fcber das Vorhandensein von Daten, die sie betreffen, zu erhalten, sowie Angaben zur Herkunft, zu den Zwecken und Methoden der Verarbeitung, zur Aktualisierung, Berichtigung, Erg\u00e4nzung oder L\u00f6schung von rechtswidrig verarbeiteten Daten zu verlangen. Au\u00dferdem hat sie das Recht, der Verarbeitung f\u00fcr Werbezwecke zu widersprechen.\n\n<h2>Aus\u00fcbung von Rechten \u2013 Beschwerde<\/h2>\nSie k\u00f6nnen alle in diesem Abschnitt beschriebenen Rechte gegen\u00fcber dem Verantwortlichen aus\u00fcben, indem Sie sich per E-Mail an <a href=\"mailto:info@campingideal.eu\">info@campingideal.eu<\/a> wenden. Wir k\u00f6nnen Sie bitten, Ihre Identit\u00e4t zu best\u00e4tigen, bevor wir weitere Ma\u00dfnahmen aufgrund Ihrer Anfrage ergreifen. Um die Rechte gem\u00e4\u00df Artikel 15 der EU-Verordnung 679\/2016 auszu\u00fcben, wenden Sie sich an den Verantwortlichen unter: Camping Ideal S.A.S. \u2013  \n<span style=\"text-align: var(--text-align);\">Via Poncia, 17 \u2013 Gravedona ed Uniti<\/span><span style=\"text-align: var(--text-align);\">\u00a0\u2013 22015 \u2013 Como (CO)<\/span>, oder per E-Mail an <a href=\"mailto:info@campingideal.eu\">info@campingideal.eu<\/a>.\n\n<h2>Zugriff auf Daten \u2013 Daten\u00fcbertragbarkeit<\/h2>\nSie haben das Recht, Kopien der von Ihnen bereitgestellten personenbezogenen Daten in einem strukturierten, g\u00e4ngigen und maschinenlesbaren Format anzufordern und\/oder uns zu bitten, diese Informationen an einen anderen Dienstanbieter zu \u00fcbertragen (sofern technisch machbar).\n\n<h2>Aufbewahrungsdauer der Daten<\/h2>\nCamping Ideal bewahrt Ihre personenbezogenen Daten in der Regel f\u00fcr kurze Zeitr\u00e4ume oder so lange wie f\u00fcr die Erf\u00fcllung des abgeschlossenen Vertrags erforderlich auf.  \n<ul>\n  <li>Einige Ihrer personenbezogenen Daten k\u00f6nnen aufbewahrt werden, um unseren gesetzlichen und steuerlichen Verpflichtungen sowie unseren vertraglichen Interessen nachzukommen.<\/li>\n  <li>Ausnahmsweise k\u00f6nnen einige Ihrer personenbezogenen Daten f\u00fcr Ermittlungszwecke aufbewahrt werden, wie gesetzlich vorgesehen.<\/li>\n  <li>Wir erkl\u00e4ren, dass wir 24 Monate nach Ablauf der vertraglichen Verpflichtungen oder angeforderten Vorverkaufs-\/kommerziellen Aktivit\u00e4ten personenbezogene Daten entfernen, die nicht anderweitig gem\u00e4\u00df verbindlichen Vorschriften erforderlich sind.<\/li>\n<\/ul>\n\n<h2>Widerruf der Einwilligung und Einschr\u00e4nkung der Datenverarbeitung<\/h2>\nSie k\u00f6nnen Ihre Einwilligung zur Verarbeitung personenbezogener Daten jederzeit widerrufen, indem Sie uns eine Mitteilung senden, in der Sie den Widerruf der Einwilligung spezifizieren, oder durch direkte Abmeldung, wo dies vorgesehen ist. Der Widerruf der Einwilligung ber\u00fchrt nicht die Rechtm\u00e4\u00dfigkeit einer auf dieser Einwilligung basierenden Verarbeitung vor dem Widerruf.\t\t\t\t\t\t\t\t<\/div>\n\t\t\t\t<\/div>\n\t\t\t\t\t<\/div>\n\t\t\t\t<\/div>\n\t\t\t\t<\/div>\n\t\t","protected":false},"excerpt":{"rendered":"<p>Hinweise zum Schutz personenbezogener Daten Gem\u00e4\u00df und im Sinne der EU-Verordnung 2016\/679 stellen wir einige Informationen zur Verarbeitung Ihrer personenbezogenen Daten bereit, nicht nur um den gesetzlichen Verpflichtungen nachzukommen, sondern auch, weil Transparenz und Fairness ein wesentlicher Bestandteil unserer T\u00e4tigkeit gem\u00e4\u00df der DSGVO 679\/2016 sind. Die Nutzer werden informiert: dass die Daten gem\u00e4\u00df den gesetzlichen [&hellip;]<\/p>\n","protected":false},"author":1,"featured_media":0,"parent":0,"menu_order":0,"comment_status":"closed","ping_status":"open","template":"","meta":{"footnotes":""},"class_list":["post-1311","page","type-page","status-publish","hentry"],"yoast_head":"<!-- This site is optimized with the Yoast SEO plugin v27.3 - https:\/\/yoast.com\/product\/yoast-seo-wordpress\/ -->\n<title>Privacy Policy - Camping Ideal<\/title>\n<meta name=\"robots\" content=\"noindex, follow\" \/>\n<meta property=\"og:locale\" content=\"de_DE\" \/>\n<meta property=\"og:type\" content=\"article\" \/>\n<meta property=\"og:title\" content=\"Privacy Policy - Camping Ideal\" \/>\n<meta property=\"og:description\" content=\"Hinweise zum Schutz personenbezogener Daten Gem\u00e4\u00df und im Sinne der EU-Verordnung 2016\/679 stellen wir einige Informationen zur Verarbeitung Ihrer personenbezogenen Daten bereit, nicht nur um den gesetzlichen Verpflichtungen nachzukommen, sondern auch, weil Transparenz und Fairness ein wesentlicher Bestandteil unserer T\u00e4tigkeit gem\u00e4\u00df der DSGVO 679\/2016 sind. Die Nutzer werden informiert: dass die Daten gem\u00e4\u00df den gesetzlichen [&hellip;]\" \/>\n<meta property=\"og:url\" content=\"https:\/\/campingideal.eu\/de\/privacy-policy\/\" \/>\n<meta property=\"og:site_name\" content=\"Camping Ideal\" \/>\n<meta property=\"article:modified_time\" content=\"2024-12-09T17:25:04+00:00\" \/>\n<meta name=\"twitter:card\" content=\"summary_large_image\" \/>\n<meta name=\"twitter:label1\" content=\"Gesch\u00e4tzte Lesezeit\" \/>\n\t<meta name=\"twitter:data1\" content=\"5\u00a0Minuten\" \/>\n<script type=\"application\/ld+json\" class=\"yoast-schema-graph\">{\"@context\":\"https:\\\/\\\/schema.org\",\"@graph\":[{\"@type\":\"WebPage\",\"@id\":\"https:\\\/\\\/campingideal.eu\\\/de\\\/privacy-policy\\\/\",\"url\":\"https:\\\/\\\/campingideal.eu\\\/de\\\/privacy-policy\\\/\",\"name\":\"Privacy Policy - Camping Ideal\",\"isPartOf\":{\"@id\":\"https:\\\/\\\/campingideal.eu\\\/de\\\/#website\"},\"datePublished\":\"2024-04-22T10:09:03+00:00\",\"dateModified\":\"2024-12-09T17:25:04+00:00\",\"breadcrumb\":{\"@id\":\"https:\\\/\\\/campingideal.eu\\\/de\\\/privacy-policy\\\/#breadcrumb\"},\"inLanguage\":\"de\",\"potentialAction\":[{\"@type\":\"ReadAction\",\"target\":[\"https:\\\/\\\/campingideal.eu\\\/de\\\/privacy-policy\\\/\"]}]},{\"@type\":\"BreadcrumbList\",\"@id\":\"https:\\\/\\\/campingideal.eu\\\/de\\\/privacy-policy\\\/#breadcrumb\",\"itemListElement\":[{\"@type\":\"ListItem\",\"position\":1,\"name\":\"Home\",\"item\":\"https:\\\/\\\/campingideal.eu\\\/de\\\/\"},{\"@type\":\"ListItem\",\"position\":2,\"name\":\"Privacy Policy\"}]},{\"@type\":\"WebSite\",\"@id\":\"https:\\\/\\\/campingideal.eu\\\/de\\\/#website\",\"url\":\"https:\\\/\\\/campingideal.eu\\\/de\\\/\",\"name\":\"Camping Ideal\",\"description\":\"Il tuo camping ideale a Gravedona, sul Lago di Como\",\"publisher\":{\"@id\":\"https:\\\/\\\/campingideal.eu\\\/de\\\/#organization\"},\"inLanguage\":\"de\"},{\"@type\":\"Organization\",\"@id\":\"https:\\\/\\\/campingideal.eu\\\/de\\\/#organization\",\"name\":\"Camping Ideal\",\"url\":\"https:\\\/\\\/campingideal.eu\\\/de\\\/\",\"logo\":{\"@type\":\"ImageObject\",\"inLanguage\":\"de\",\"@id\":\"https:\\\/\\\/campingideal.eu\\\/de\\\/#\\\/schema\\\/logo\\\/image\\\/\",\"url\":\"https:\\\/\\\/campingideal.eu\\\/wp-content\\\/uploads\\\/2024\\\/06\\\/Camping-ideal-logo.png\",\"contentUrl\":\"https:\\\/\\\/campingideal.eu\\\/wp-content\\\/uploads\\\/2024\\\/06\\\/Camping-ideal-logo.png\",\"width\":1772,\"height\":1772,\"caption\":\"Camping Ideal\"},\"image\":{\"@id\":\"https:\\\/\\\/campingideal.eu\\\/de\\\/#\\\/schema\\\/logo\\\/image\\\/\"}}]}<\/script>\n<!-- \/ Yoast SEO plugin. -->","yoast_head_json":{"title":"Privacy Policy - Camping Ideal","robots":{"index":"noindex","follow":"follow"},"og_locale":"de_DE","og_type":"article","og_title":"Privacy Policy - Camping Ideal","og_description":"Hinweise zum Schutz personenbezogener Daten Gem\u00e4\u00df und im Sinne der EU-Verordnung 2016\/679 stellen wir einige Informationen zur Verarbeitung Ihrer personenbezogenen Daten bereit, nicht nur um den gesetzlichen Verpflichtungen nachzukommen, sondern auch, weil Transparenz und Fairness ein wesentlicher Bestandteil unserer T\u00e4tigkeit gem\u00e4\u00df der DSGVO 679\/2016 sind. Die Nutzer werden informiert: dass die Daten gem\u00e4\u00df den gesetzlichen [&hellip;]","og_url":"https:\/\/campingideal.eu\/de\/privacy-policy\/","og_site_name":"Camping Ideal","article_modified_time":"2024-12-09T17:25:04+00:00","twitter_card":"summary_large_image","twitter_misc":{"Gesch\u00e4tzte Lesezeit":"5\u00a0Minuten"},"schema":{"@context":"https:\/\/schema.org","@graph":[{"@type":"WebPage","@id":"https:\/\/campingideal.eu\/de\/privacy-policy\/","url":"https:\/\/campingideal.eu\/de\/privacy-policy\/","name":"Privacy Policy - Camping Ideal","isPartOf":{"@id":"https:\/\/campingideal.eu\/de\/#website"},"datePublished":"2024-04-22T10:09:03+00:00","dateModified":"2024-12-09T17:25:04+00:00","breadcrumb":{"@id":"https:\/\/campingideal.eu\/de\/privacy-policy\/#breadcrumb"},"inLanguage":"de","potentialAction":[{"@type":"ReadAction","target":["https:\/\/campingideal.eu\/de\/privacy-policy\/"]}]},{"@type":"BreadcrumbList","@id":"https:\/\/campingideal.eu\/de\/privacy-policy\/#breadcrumb","itemListElement":[{"@type":"ListItem","position":1,"name":"Home","item":"https:\/\/campingideal.eu\/de\/"},{"@type":"ListItem","position":2,"name":"Privacy Policy"}]},{"@type":"WebSite","@id":"https:\/\/campingideal.eu\/de\/#website","url":"https:\/\/campingideal.eu\/de\/","name":"Camping Ideal","description":"Il tuo camping ideale a Gravedona, sul Lago di Como","publisher":{"@id":"https:\/\/campingideal.eu\/de\/#organization"},"inLanguage":"de"},{"@type":"Organization","@id":"https:\/\/campingideal.eu\/de\/#organization","name":"Camping Ideal","url":"https:\/\/campingideal.eu\/de\/","logo":{"@type":"ImageObject","inLanguage":"de","@id":"https:\/\/campingideal.eu\/de\/#\/schema\/logo\/image\/","url":"https:\/\/campingideal.eu\/wp-content\/uploads\/2024\/06\/Camping-ideal-logo.png","contentUrl":"https:\/\/campingideal.eu\/wp-content\/uploads\/2024\/06\/Camping-ideal-logo.png","width":1772,"height":1772,"caption":"Camping Ideal"},"image":{"@id":"https:\/\/campingideal.eu\/de\/#\/schema\/logo\/image\/"}}]}},"_links":{"self":[{"href":"https:\/\/campingideal.eu\/de\/wp-json\/wp\/v2\/pages\/1311","targetHints":{"allow":["GET"]}}],"collection":[{"href":"https:\/\/campingideal.eu\/de\/wp-json\/wp\/v2\/pages"}],"about":[{"href":"https:\/\/campingideal.eu\/de\/wp-json\/wp\/v2\/types\/page"}],"author":[{"embeddable":true,"href":"https:\/\/campingideal.eu\/de\/wp-json\/wp\/v2\/users\/1"}],"replies":[{"embeddable":true,"href":"https:\/\/campingideal.eu\/de\/wp-json\/wp\/v2\/comments?post=1311"}],"version-history":[{"count":4,"href":"https:\/\/campingideal.eu\/de\/wp-json\/wp\/v2\/pages\/1311\/revisions"}],"predecessor-version":[{"id":1321,"href":"https:\/\/campingideal.eu\/de\/wp-json\/wp\/v2\/pages\/1311\/revisions\/1321"}],"wp:attachment":[{"href":"https:\/\/campingideal.eu\/de\/wp-json\/wp\/v2\/media?parent=1311"}],"curies":[{"name":"wp","href":"https:\/\/api.w.org\/{rel}","templated":true}]}}