{"id":1232,"date":"2024-06-19T15:42:35","date_gmt":"2024-06-19T15:42:35","guid":{"rendered":"https:\/\/campingideal.eu\/find-us\/"},"modified":"2024-12-12T14:19:46","modified_gmt":"2024-12-12T14:19:46","slug":"finden-sie-uns","status":"publish","type":"page","link":"https:\/\/campingideal.eu\/de\/finden-sie-uns\/","title":{"rendered":"Finden Sie uns"},"content":{"rendered":"\t\t<div data-elementor-type=\"wp-page\" data-elementor-id=\"1232\" class=\"elementor elementor-1232 elementor-437\" data-elementor-post-type=\"page\">\n\t\t\t\t\t\t<section class=\"elementor-section elementor-top-section elementor-element elementor-element-1d0e0bcc elementor-section-height-min-height elementor-section-boxed elementor-section-height-default elementor-section-items-middle elementor-invisible\" data-id=\"1d0e0bcc\" data-element_type=\"section\" data-e-type=\"section\" data-settings=\"{&quot;background_background&quot;:&quot;classic&quot;,&quot;animation&quot;:&quot;fadeIn&quot;}\">\n\t\t\t\t\t\t\t<div class=\"elementor-background-overlay\"><\/div>\n\t\t\t\t\t\t\t<div class=\"elementor-container elementor-column-gap-default\">\n\t\t\t\t\t<div class=\"elementor-column elementor-col-100 elementor-top-column elementor-element elementor-element-1f1140c9\" data-id=\"1f1140c9\" data-element_type=\"column\" data-e-type=\"column\">\n\t\t\t<div class=\"elementor-widget-wrap elementor-element-populated\">\n\t\t\t\t\t\t<section class=\"elementor-section elementor-inner-section elementor-element elementor-element-3c467cf7 elementor-section-boxed elementor-section-height-default elementor-section-height-default\" data-id=\"3c467cf7\" data-element_type=\"section\" data-e-type=\"section\">\n\t\t\t\t\t\t<div class=\"elementor-container elementor-column-gap-default\">\n\t\t\t\t\t<div class=\"elementor-column elementor-col-50 elementor-inner-column elementor-element elementor-element-277d9f7c\" data-id=\"277d9f7c\" data-element_type=\"column\" data-e-type=\"column\">\n\t\t\t<div class=\"elementor-widget-wrap elementor-element-populated\">\n\t\t\t\t\t\t<div class=\"elementor-element elementor-element-8254335 elementor-invisible elementor-widget elementor-widget-heading\" data-id=\"8254335\" data-element_type=\"widget\" data-e-type=\"widget\" data-settings=\"{&quot;_animation&quot;:&quot;fadeInUp&quot;,&quot;_animation_delay&quot;:400}\" data-widget_type=\"heading.default\">\n\t\t\t\t<div class=\"elementor-widget-container\">\n\t\t\t\t\t<h1 class=\"elementor-heading-title elementor-size-default\">Finden Sie uns<\/h1>\t\t\t\t<\/div>\n\t\t\t\t<\/div>\n\t\t\t\t<div class=\"elementor-element elementor-element-611d6b2b elementor-invisible elementor-widget elementor-widget-text-editor\" data-id=\"611d6b2b\" data-element_type=\"widget\" data-e-type=\"widget\" data-settings=\"{&quot;_animation&quot;:&quot;fadeInUp&quot;,&quot;_animation_delay&quot;:500}\" data-widget_type=\"text-editor.default\">\n\t\t\t\t<div class=\"elementor-widget-container\">\n\t\t\t\t\t\t\t\t\t<p>Hier erfahren Sie, wie Sie uns erreichen k\u00f6nnen. Wir warten auf Sie!<\/p>\t\t\t\t\t\t\t\t<\/div>\n\t\t\t\t<\/div>\n\t\t\t\t\t<\/div>\n\t\t<\/div>\n\t\t\t\t<div class=\"elementor-column elementor-col-50 elementor-inner-column elementor-element elementor-element-4b585a89\" data-id=\"4b585a89\" data-element_type=\"column\" data-e-type=\"column\">\n\t\t\t<div class=\"elementor-widget-wrap\">\n\t\t\t\t\t\t\t<\/div>\n\t\t<\/div>\n\t\t\t\t\t<\/div>\n\t\t<\/section>\n\t\t\t\t\t<\/div>\n\t\t<\/div>\n\t\t\t\t\t<\/div>\n\t\t<\/section>\n\t\t\t\t<section class=\"elementor-section elementor-top-section elementor-element elementor-element-3c62f748 elementor-section-boxed elementor-section-height-default elementor-section-height-default\" data-id=\"3c62f748\" data-element_type=\"section\" data-e-type=\"section\" data-settings=\"{&quot;background_background&quot;:&quot;classic&quot;}\">\n\t\t\t\t\t\t<div class=\"elementor-container elementor-column-gap-default\">\n\t\t\t\t\t<div class=\"elementor-column elementor-col-50 elementor-top-column elementor-element elementor-element-614ed65\" data-id=\"614ed65\" data-element_type=\"column\" data-e-type=\"column\">\n\t\t\t<div class=\"elementor-widget-wrap elementor-element-populated\">\n\t\t\t\t\t\t<div class=\"elementor-element elementor-element-1aec1bd elementor-invisible elementor-widget elementor-widget-heading\" data-id=\"1aec1bd\" data-element_type=\"widget\" data-e-type=\"widget\" data-settings=\"{&quot;_animation&quot;:&quot;fadeInUp&quot;,&quot;_animation_delay&quot;:400}\" data-widget_type=\"heading.default\">\n\t\t\t\t<div class=\"elementor-widget-container\">\n\t\t\t\t\t<h2 class=\"elementor-heading-title elementor-size-default\">Von Dongo kommend:<\/h2>\t\t\t\t<\/div>\n\t\t\t\t<\/div>\n\t\t\t\t<div class=\"elementor-element elementor-element-c180cbf elementor-invisible elementor-widget elementor-widget-text-editor\" data-id=\"c180cbf\" data-element_type=\"widget\" data-e-type=\"widget\" data-settings=\"{&quot;_animation&quot;:&quot;fadeInUp&quot;,&quot;_animation_delay&quot;:500}\" data-widget_type=\"text-editor.default\">\n\t\t\t\t<div class=\"elementor-widget-container\">\n\t\t\t\t\t\t\t\t\t<div class=\"flex max-w-full flex-col flex-grow\"><div class=\"min-h-8 text-message flex w-full flex-col items-end gap-2 whitespace-normal break-words [.text-message+&amp;]:mt-5\" dir=\"auto\" data-message-author-role=\"assistant\" data-message-id=\"9f93877a-c950-42a3-a0b7-8767055ef59b\" data-message-model-slug=\"gpt-4o\"><div class=\"flex w-full flex-col gap-1 empty:hidden first:pt-[3px]\"><div class=\"markdown prose w-full break-words dark:prose-invert dark\"><p>Um den Campingplatz aus Richtung <b>Dongo<\/b> zu erreichen, fahren Sie an der Oscar Cap, dem Penny Market und dem Planet Pub vorbei. Unmittelbar nach dem Planet biegen Sie rechts ab und fahren geradeaus bis zum Ende der Stra\u00dfe. Am Ende der Stra\u00dfe biegen Sie links ab: Wenn Sie stattdessen rechts abbiegen, gelangen Sie zu einem kleinen Parkplatz f\u00fcr Wohnmobile. Der Campingplatz befindet sich ein paar Meter weiter auf der rechten Seite. Achten Sie auf das Banner oder Schild mit der Aufschrift \u201eCamping Ideal\u201c, um sich zu orientieren.<\/p><\/div><\/div><\/div><\/div>\t\t\t\t\t\t\t\t<\/div>\n\t\t\t\t<\/div>\n\t\t\t\t\t<\/div>\n\t\t<\/div>\n\t\t\t\t<div class=\"elementor-column elementor-col-50 elementor-top-column elementor-element elementor-element-b74ca2c\" data-id=\"b74ca2c\" data-element_type=\"column\" data-e-type=\"column\">\n\t\t\t<div class=\"elementor-widget-wrap elementor-element-populated\">\n\t\t\t\t\t\t<div class=\"elementor-element elementor-element-6aff1d4 elementor-invisible elementor-widget elementor-widget-heading\" data-id=\"6aff1d4\" data-element_type=\"widget\" data-e-type=\"widget\" data-settings=\"{&quot;_animation&quot;:&quot;fadeInUp&quot;,&quot;_animation_delay&quot;:400}\" data-widget_type=\"heading.default\">\n\t\t\t\t<div class=\"elementor-widget-container\">\n\t\t\t\t\t<h2 class=\"elementor-heading-title elementor-size-default\">Von Domaso kommend:<\/h2>\t\t\t\t<\/div>\n\t\t\t\t<\/div>\n\t\t\t\t<div class=\"elementor-element elementor-element-ff4e304 elementor-invisible elementor-widget elementor-widget-text-editor\" data-id=\"ff4e304\" data-element_type=\"widget\" data-e-type=\"widget\" data-settings=\"{&quot;_animation&quot;:&quot;fadeInUp&quot;,&quot;_animation_delay&quot;:500}\" data-widget_type=\"text-editor.default\">\n\t\t\t\t<div class=\"elementor-widget-container\">\n\t\t\t\t\t\t\t\t\t<p>Wenn Sie aus Richtung <b>Domaso<\/b> kommen, denken Sie daran, dass das GPS Ihnen vielleicht sagt, Sie sollen bei Eurogomme abbiegen, aber diese Stra\u00dfe ist f\u00fcr Wohnmobile und Wohnwagen nicht geeignet, weil sie zu schmal ist. Wir empfehlen Ihnen stattdessen, bis kurz vor dem Planet Pub zu fahren und dort links abzubiegen. Zur Orientierung finden Sie ein Scavolini-M\u00f6belgesch\u00e4ft; ein paar Meter weiter erreichen Sie den Planet und biegen sofort rechts ab. Wenn Sie weiterfahren, biegen Sie am Ende der Stra\u00dfe links ab, um zum Campingplatz zu gelangen.<\/p>\t\t\t\t\t\t\t\t<\/div>\n\t\t\t\t<\/div>\n\t\t\t\t\t<\/div>\n\t\t<\/div>\n\t\t\t\t\t<\/div>\n\t\t<\/section>\n\t\t\t\t<section class=\"elementor-section elementor-top-section elementor-element elementor-element-b1ade21 elementor-section-boxed elementor-section-height-default elementor-section-height-default\" data-id=\"b1ade21\" data-element_type=\"section\" data-e-type=\"section\" data-settings=\"{&quot;background_background&quot;:&quot;classic&quot;}\">\n\t\t\t\t\t\t<div class=\"elementor-container elementor-column-gap-default\">\n\t\t\t\t\t<div class=\"elementor-column elementor-col-100 elementor-top-column elementor-element elementor-element-ad7217d\" data-id=\"ad7217d\" data-element_type=\"column\" data-e-type=\"column\">\n\t\t\t<div class=\"elementor-widget-wrap elementor-element-populated\">\n\t\t\t\t\t\t<div class=\"elementor-element elementor-element-3b79c34 elementor-widget elementor-widget-google_maps\" data-id=\"3b79c34\" data-element_type=\"widget\" data-e-type=\"widget\" data-widget_type=\"google_maps.default\">\n\t\t\t\t<div class=\"elementor-widget-container\">\n\t\t\t\t\t\t\t<div class=\"elementor-custom-embed\">\n\t\t\t<iframe loading=\"lazy\"\n\t\t\t\t\tsrc=\"https:\/\/maps.google.com\/maps?q=Camping%20Ideal%20Via%20poncia&#038;t=m&#038;z=16&#038;output=embed&#038;iwloc=near\"\n\t\t\t\t\ttitle=\"Camping Ideal Via poncia\"\n\t\t\t\t\taria-label=\"Camping Ideal Via poncia\"\n\t\t\t><\/iframe>\n\t\t<\/div>\n\t\t\t\t\t\t<\/div>\n\t\t\t\t<\/div>\n\t\t\t\t\t<\/div>\n\t\t<\/div>\n\t\t\t\t\t<\/div>\n\t\t<\/section>\n\t\t\t\t<section class=\"elementor-section elementor-top-section elementor-element elementor-element-50338d33 elementor-section-height-min-height elementor-section-boxed elementor-section-height-default elementor-section-items-middle elementor-invisible\" data-id=\"50338d33\" data-element_type=\"section\" data-e-type=\"section\" data-settings=\"{&quot;background_background&quot;:&quot;classic&quot;,&quot;animation&quot;:&quot;fadeIn&quot;}\">\n\t\t\t\t\t\t\t<div class=\"elementor-background-overlay\"><\/div>\n\t\t\t\t\t\t\t<div class=\"elementor-container elementor-column-gap-default\">\n\t\t\t\t\t<div class=\"elementor-column elementor-col-100 elementor-top-column elementor-element elementor-element-4133b202\" data-id=\"4133b202\" data-element_type=\"column\" data-e-type=\"column\">\n\t\t\t<div class=\"elementor-widget-wrap elementor-element-populated\">\n\t\t\t\t\t\t<section class=\"elementor-section elementor-top-section elementor-element elementor-element-77a8d5d7 elementor-section-boxed elementor-section-height-default elementor-section-height-default\" data-id=\"77a8d5d7\" data-element_type=\"section\" data-e-type=\"section\">\n\t\t\t\t\t\t<div class=\"elementor-container elementor-column-gap-default\">\n\t\t\t\t\t<div class=\"elementor-column elementor-col-100 elementor-top-column elementor-element elementor-element-b4f3bac\" data-id=\"b4f3bac\" data-element_type=\"column\" data-e-type=\"column\">\n\t\t\t<div class=\"elementor-widget-wrap elementor-element-populated\">\n\t\t\t\t\t\t<div class=\"elementor-element elementor-element-41fd99d where-link elementor-invisible elementor-widget elementor-widget-heading\" data-id=\"41fd99d\" data-element_type=\"widget\" data-e-type=\"widget\" data-settings=\"{&quot;_animation&quot;:&quot;fadeInUp&quot;,&quot;_animation_delay&quot;:500}\" data-widget_type=\"heading.default\">\n\t\t\t\t<div class=\"elementor-widget-container\">\n\t\t\t\t\t<h4 class=\"elementor-heading-title elementor-size-default\"><a href=\"\/contatti\">Wir warten auf Sie!<\/a><\/h4>\t\t\t\t<\/div>\n\t\t\t\t<\/div>\n\t\t\t\t\t<\/div>\n\t\t<\/div>\n\t\t\t\t\t<\/div>\n\t\t<\/section>\n\t\t\t\t\t<\/div>\n\t\t<\/div>\n\t\t\t\t\t<\/div>\n\t\t<\/section>\n\t\t\t\t<\/div>\n\t\t","protected":false},"excerpt":{"rendered":"<p>Finden Sie uns Hier erfahren Sie, wie Sie uns erreichen k\u00f6nnen. Wir warten auf Sie! Von Dongo kommend: Um den Campingplatz aus Richtung Dongo zu erreichen, fahren Sie an der Oscar Cap, dem Penny Market und dem Planet Pub vorbei. Unmittelbar nach dem Planet biegen Sie rechts ab und fahren geradeaus bis zum Ende der [&hellip;]<\/p>\n","protected":false},"author":1,"featured_media":384,"parent":0,"menu_order":0,"comment_status":"closed","ping_status":"closed","template":"","meta":{"footnotes":""},"class_list":["post-1232","page","type-page","status-publish","has-post-thumbnail","hentry"],"yoast_head":"<!-- This site is optimized with the Yoast SEO plugin v27.3 - https:\/\/yoast.com\/product\/yoast-seo-wordpress\/ -->\n<title>Finden Sie uns - Camping Ideal<\/title>\n<meta name=\"robots\" content=\"index, follow, max-snippet:-1, max-image-preview:large, max-video-preview:-1\" \/>\n<link rel=\"canonical\" href=\"https:\/\/campingideal.eu\/de\/finden-sie-uns\/\" \/>\n<meta property=\"og:locale\" content=\"de_DE\" \/>\n<meta property=\"og:type\" content=\"article\" \/>\n<meta property=\"og:title\" content=\"Finden Sie uns - Camping Ideal\" \/>\n<meta property=\"og:description\" content=\"Finden Sie uns Hier erfahren Sie, wie Sie uns erreichen k\u00f6nnen. Wir warten auf Sie! Von Dongo kommend: Um den Campingplatz aus Richtung Dongo zu erreichen, fahren Sie an der Oscar Cap, dem Penny Market und dem Planet Pub vorbei. Unmittelbar nach dem Planet biegen Sie rechts ab und fahren geradeaus bis zum Ende der [&hellip;]\" \/>\n<meta property=\"og:url\" content=\"https:\/\/campingideal.eu\/de\/finden-sie-uns\/\" \/>\n<meta property=\"og:site_name\" content=\"Camping Ideal\" \/>\n<meta property=\"article:modified_time\" content=\"2024-12-12T14:19:46+00:00\" \/>\n<meta property=\"og:image\" content=\"https:\/\/campingideal.eu\/wp-content\/uploads\/2024\/06\/Panorama01-scaled.jpg\" \/>\n\t<meta property=\"og:image:width\" content=\"2560\" \/>\n\t<meta property=\"og:image:height\" content=\"894\" \/>\n\t<meta property=\"og:image:type\" content=\"image\/jpeg\" \/>\n<meta name=\"twitter:card\" content=\"summary_large_image\" \/>\n<meta name=\"twitter:label1\" content=\"Gesch\u00e4tzte Lesezeit\" \/>\n\t<meta name=\"twitter:data1\" content=\"2\u00a0Minuten\" \/>\n<script type=\"application\/ld+json\" class=\"yoast-schema-graph\">{\"@context\":\"https:\\\/\\\/schema.org\",\"@graph\":[{\"@type\":\"WebPage\",\"@id\":\"https:\\\/\\\/campingideal.eu\\\/de\\\/finden-sie-uns\\\/\",\"url\":\"https:\\\/\\\/campingideal.eu\\\/de\\\/finden-sie-uns\\\/\",\"name\":\"Finden Sie uns - Camping Ideal\",\"isPartOf\":{\"@id\":\"https:\\\/\\\/campingideal.eu\\\/de\\\/#website\"},\"primaryImageOfPage\":{\"@id\":\"https:\\\/\\\/campingideal.eu\\\/de\\\/finden-sie-uns\\\/#primaryimage\"},\"image\":{\"@id\":\"https:\\\/\\\/campingideal.eu\\\/de\\\/finden-sie-uns\\\/#primaryimage\"},\"thumbnailUrl\":\"https:\\\/\\\/campingideal.eu\\\/wp-content\\\/uploads\\\/2024\\\/06\\\/Panorama01-scaled.jpg\",\"datePublished\":\"2024-06-19T15:42:35+00:00\",\"dateModified\":\"2024-12-12T14:19:46+00:00\",\"breadcrumb\":{\"@id\":\"https:\\\/\\\/campingideal.eu\\\/de\\\/finden-sie-uns\\\/#breadcrumb\"},\"inLanguage\":\"de\",\"potentialAction\":[{\"@type\":\"ReadAction\",\"target\":[\"https:\\\/\\\/campingideal.eu\\\/de\\\/finden-sie-uns\\\/\"]}]},{\"@type\":\"ImageObject\",\"inLanguage\":\"de\",\"@id\":\"https:\\\/\\\/campingideal.eu\\\/de\\\/finden-sie-uns\\\/#primaryimage\",\"url\":\"https:\\\/\\\/campingideal.eu\\\/wp-content\\\/uploads\\\/2024\\\/06\\\/Panorama01-scaled.jpg\",\"contentUrl\":\"https:\\\/\\\/campingideal.eu\\\/wp-content\\\/uploads\\\/2024\\\/06\\\/Panorama01-scaled.jpg\",\"width\":2560,\"height\":894},{\"@type\":\"BreadcrumbList\",\"@id\":\"https:\\\/\\\/campingideal.eu\\\/de\\\/finden-sie-uns\\\/#breadcrumb\",\"itemListElement\":[{\"@type\":\"ListItem\",\"position\":1,\"name\":\"Home\",\"item\":\"https:\\\/\\\/campingideal.eu\\\/de\\\/\"},{\"@type\":\"ListItem\",\"position\":2,\"name\":\"Finden Sie uns\"}]},{\"@type\":\"WebSite\",\"@id\":\"https:\\\/\\\/campingideal.eu\\\/de\\\/#website\",\"url\":\"https:\\\/\\\/campingideal.eu\\\/de\\\/\",\"name\":\"Camping Ideal\",\"description\":\"Il tuo camping ideale a Gravedona, sul Lago di Como\",\"publisher\":{\"@id\":\"https:\\\/\\\/campingideal.eu\\\/de\\\/#organization\"},\"inLanguage\":\"de\"},{\"@type\":\"Organization\",\"@id\":\"https:\\\/\\\/campingideal.eu\\\/de\\\/#organization\",\"name\":\"Camping Ideal\",\"url\":\"https:\\\/\\\/campingideal.eu\\\/de\\\/\",\"logo\":{\"@type\":\"ImageObject\",\"inLanguage\":\"de\",\"@id\":\"https:\\\/\\\/campingideal.eu\\\/de\\\/#\\\/schema\\\/logo\\\/image\\\/\",\"url\":\"https:\\\/\\\/campingideal.eu\\\/wp-content\\\/uploads\\\/2024\\\/06\\\/Camping-ideal-logo.png\",\"contentUrl\":\"https:\\\/\\\/campingideal.eu\\\/wp-content\\\/uploads\\\/2024\\\/06\\\/Camping-ideal-logo.png\",\"width\":1772,\"height\":1772,\"caption\":\"Camping Ideal\"},\"image\":{\"@id\":\"https:\\\/\\\/campingideal.eu\\\/de\\\/#\\\/schema\\\/logo\\\/image\\\/\"}}]}<\/script>\n<!-- \/ Yoast SEO plugin. -->","yoast_head_json":{"title":"Finden Sie uns - Camping Ideal","robots":{"index":"index","follow":"follow","max-snippet":"max-snippet:-1","max-image-preview":"max-image-preview:large","max-video-preview":"max-video-preview:-1"},"canonical":"https:\/\/campingideal.eu\/de\/finden-sie-uns\/","og_locale":"de_DE","og_type":"article","og_title":"Finden Sie uns - Camping Ideal","og_description":"Finden Sie uns Hier erfahren Sie, wie Sie uns erreichen k\u00f6nnen. Wir warten auf Sie! Von Dongo kommend: Um den Campingplatz aus Richtung Dongo zu erreichen, fahren Sie an der Oscar Cap, dem Penny Market und dem Planet Pub vorbei. Unmittelbar nach dem Planet biegen Sie rechts ab und fahren geradeaus bis zum Ende der [&hellip;]","og_url":"https:\/\/campingideal.eu\/de\/finden-sie-uns\/","og_site_name":"Camping Ideal","article_modified_time":"2024-12-12T14:19:46+00:00","og_image":[{"width":2560,"height":894,"url":"https:\/\/campingideal.eu\/wp-content\/uploads\/2024\/06\/Panorama01-scaled.jpg","type":"image\/jpeg"}],"twitter_card":"summary_large_image","twitter_misc":{"Gesch\u00e4tzte Lesezeit":"2\u00a0Minuten"},"schema":{"@context":"https:\/\/schema.org","@graph":[{"@type":"WebPage","@id":"https:\/\/campingideal.eu\/de\/finden-sie-uns\/","url":"https:\/\/campingideal.eu\/de\/finden-sie-uns\/","name":"Finden Sie uns - Camping Ideal","isPartOf":{"@id":"https:\/\/campingideal.eu\/de\/#website"},"primaryImageOfPage":{"@id":"https:\/\/campingideal.eu\/de\/finden-sie-uns\/#primaryimage"},"image":{"@id":"https:\/\/campingideal.eu\/de\/finden-sie-uns\/#primaryimage"},"thumbnailUrl":"https:\/\/campingideal.eu\/wp-content\/uploads\/2024\/06\/Panorama01-scaled.jpg","datePublished":"2024-06-19T15:42:35+00:00","dateModified":"2024-12-12T14:19:46+00:00","breadcrumb":{"@id":"https:\/\/campingideal.eu\/de\/finden-sie-uns\/#breadcrumb"},"inLanguage":"de","potentialAction":[{"@type":"ReadAction","target":["https:\/\/campingideal.eu\/de\/finden-sie-uns\/"]}]},{"@type":"ImageObject","inLanguage":"de","@id":"https:\/\/campingideal.eu\/de\/finden-sie-uns\/#primaryimage","url":"https:\/\/campingideal.eu\/wp-content\/uploads\/2024\/06\/Panorama01-scaled.jpg","contentUrl":"https:\/\/campingideal.eu\/wp-content\/uploads\/2024\/06\/Panorama01-scaled.jpg","width":2560,"height":894},{"@type":"BreadcrumbList","@id":"https:\/\/campingideal.eu\/de\/finden-sie-uns\/#breadcrumb","itemListElement":[{"@type":"ListItem","position":1,"name":"Home","item":"https:\/\/campingideal.eu\/de\/"},{"@type":"ListItem","position":2,"name":"Finden Sie uns"}]},{"@type":"WebSite","@id":"https:\/\/campingideal.eu\/de\/#website","url":"https:\/\/campingideal.eu\/de\/","name":"Camping Ideal","description":"Il tuo camping ideale a Gravedona, sul Lago di Como","publisher":{"@id":"https:\/\/campingideal.eu\/de\/#organization"},"inLanguage":"de"},{"@type":"Organization","@id":"https:\/\/campingideal.eu\/de\/#organization","name":"Camping Ideal","url":"https:\/\/campingideal.eu\/de\/","logo":{"@type":"ImageObject","inLanguage":"de","@id":"https:\/\/campingideal.eu\/de\/#\/schema\/logo\/image\/","url":"https:\/\/campingideal.eu\/wp-content\/uploads\/2024\/06\/Camping-ideal-logo.png","contentUrl":"https:\/\/campingideal.eu\/wp-content\/uploads\/2024\/06\/Camping-ideal-logo.png","width":1772,"height":1772,"caption":"Camping Ideal"},"image":{"@id":"https:\/\/campingideal.eu\/de\/#\/schema\/logo\/image\/"}}]}},"_links":{"self":[{"href":"https:\/\/campingideal.eu\/de\/wp-json\/wp\/v2\/pages\/1232","targetHints":{"allow":["GET"]}}],"collection":[{"href":"https:\/\/campingideal.eu\/de\/wp-json\/wp\/v2\/pages"}],"about":[{"href":"https:\/\/campingideal.eu\/de\/wp-json\/wp\/v2\/types\/page"}],"author":[{"embeddable":true,"href":"https:\/\/campingideal.eu\/de\/wp-json\/wp\/v2\/users\/1"}],"replies":[{"embeddable":true,"href":"https:\/\/campingideal.eu\/de\/wp-json\/wp\/v2\/comments?post=1232"}],"version-history":[{"count":16,"href":"https:\/\/campingideal.eu\/de\/wp-json\/wp\/v2\/pages\/1232\/revisions"}],"predecessor-version":[{"id":1479,"href":"https:\/\/campingideal.eu\/de\/wp-json\/wp\/v2\/pages\/1232\/revisions\/1479"}],"wp:featuredmedia":[{"embeddable":true,"href":"https:\/\/campingideal.eu\/de\/wp-json\/wp\/v2\/media\/384"}],"wp:attachment":[{"href":"https:\/\/campingideal.eu\/de\/wp-json\/wp\/v2\/media?parent=1232"}],"curies":[{"name":"wp","href":"https:\/\/api.w.org\/{rel}","templated":true}]}}